{"id":3,"date":"2023-04-18T11:36:54","date_gmt":"2023-04-18T14:36:54","guid":{"rendered":"https:\/\/amamsul.meutecnicoremoto.com.br\/?page_id=3"},"modified":"2023-04-20T12:01:31","modified_gmt":"2023-04-20T15:01:31","slug":"politica-de-privacidade","status":"publish","type":"page","link":"https:\/\/amamsul.meutecnicoremoto.com.br\/index.php\/politica-de-privacidade\/","title":{"rendered":"Pol\u00edtica de privacidade"},"content":{"rendered":"\t\t<div data-elementor-type=\"wp-page\" data-elementor-id=\"3\" class=\"elementor elementor-3\" data-elementor-post-type=\"page\">\n\t\t\t\t\t\t<section class=\"elementor-section elementor-top-section elementor-element elementor-element-4e817c5a elementor-section-boxed elementor-section-height-default elementor-section-height-default\" data-id=\"4e817c5a\" data-element_type=\"section\" data-e-type=\"section\">\n\t\t\t\t\t\t<div class=\"elementor-container elementor-column-gap-default\">\n\t\t\t\t\t<div class=\"elementor-column elementor-col-100 elementor-top-column elementor-element elementor-element-66f8dffc\" data-id=\"66f8dffc\" data-element_type=\"column\" data-e-type=\"column\">\n\t\t\t<div class=\"elementor-widget-wrap elementor-element-populated\">\n\t\t\t\t\t\t<div class=\"elementor-element elementor-element-488e2971 elementor-widget elementor-widget-text-editor\" data-id=\"488e2971\" data-element_type=\"widget\" data-e-type=\"widget\" data-widget_type=\"text-editor.default\">\n\t\t\t\t<div class=\"elementor-widget-container\">\n\t\t\t\t\t\t\t\t\t\n<p>Pol\u00edtica de Privacidade da AMAMSUL<\/p>\n\n\n\n<p>A AMAMSUL,  valoriza a privacidade dos seus usu\u00e1rios e est\u00e1 comprometida em proteger as informa\u00e7\u00f5es pessoais coletadas por meio de seu website. Nesta pol\u00edtica de privacidade, explicamos quais informa\u00e7\u00f5es coletamos, como as utilizamos e as protegemos.<\/p>\n\n\n\n<ol class=\"wp-block-list\">\n<li>Informa\u00e7\u00f5es Coletadas<\/li>\n<\/ol>\n\n\n\n<p>Podemos coletar informa\u00e7\u00f5es pessoais identific\u00e1veis, tais como nome, endere\u00e7o de e-mail, telefone e endere\u00e7o de correspond\u00eancia, quando essas informa\u00e7\u00f5es s\u00e3o voluntariamente fornecidas pelos usu\u00e1rios do nosso website. Al\u00e9m disso, podemos coletar informa\u00e7\u00f5es n\u00e3o identific\u00e1veis, tais como endere\u00e7o IP, tipo de navegador e sistema operacional.<\/p>\n\n\n\n<ol class=\"wp-block-list\" start=\"2\">\n<li>Uso das Informa\u00e7\u00f5es<\/li>\n<\/ol>\n\n\n\n<p>A AMAMSUL utiliza as informa\u00e7\u00f5es coletadas para fornecer aos usu\u00e1rios a melhor experi\u00eancia no site,  Al\u00e9m disso, podemos utilizar as informa\u00e7\u00f5es para enviar comunica\u00e7\u00f5es aos nossos associados.<\/p>\n\n\n\n<ol class=\"wp-block-list\" start=\"3\">\n<li>Compartilhamento das Informa\u00e7\u00f5es<\/li>\n<\/ol>\n\n\n\n<p>A AMAMSUL n\u00e3o compartilha informa\u00e7\u00f5es pessoais com terceiros, exceto quando exigido por lei ou para atender a pedidos de autoridades governamentais. Podemos compartilhar informa\u00e7\u00f5es an\u00f4nimas com parceiros de neg\u00f3cios e outros terceiros para fins de an\u00e1lise de dados e marketing.<\/p>\n\n\n\n<ol class=\"wp-block-list\" start=\"4\">\n<li>Seguran\u00e7a das Informa\u00e7\u00f5es<\/li>\n<\/ol>\n\n\n\n<p>A AMAMSUL toma medidas razo\u00e1veis para proteger as informa\u00e7\u00f5es pessoais dos usu\u00e1rios contra perda, uso indevido e acesso n\u00e3o autorizado. Utilizamos medidas t\u00e9cnicas e organizacionais adequadas para garantir a seguran\u00e7a das informa\u00e7\u00f5es coletadas.<\/p>\n\n\n\n<ol class=\"wp-block-list\" start=\"5\">\n<li>Cookies e Outras Tecnologias<\/li>\n<\/ol>\n\n\n\n<p>A AMAMSUL utiliza cookies e outras tecnologias de rastreamento para coletar informa\u00e7\u00f5es sobre a atividade do usu\u00e1rio em nosso website. Essas informa\u00e7\u00f5es s\u00e3o usadas para personalizar a experi\u00eancia do usu\u00e1rio e melhorar nossos servi\u00e7os. Os usu\u00e1rios podem desativar o uso de cookies em seus navegadores, mas isso pode afetar a funcionalidade do website.<\/p>\n\n\n\n<ol class=\"wp-block-list\" start=\"6\">\n<li>Altera\u00e7\u00f5es na Pol\u00edtica de Privacidade<\/li>\n<\/ol>\n\n\n\n<p>A AMAMSUL se reserva o direito de alterar esta pol\u00edtica de privacidade a qualquer momento. As altera\u00e7\u00f5es ser\u00e3o publicadas nesta p\u00e1gina e a data da \u00faltima atualiza\u00e7\u00e3o ser\u00e1 atualizada. Os usu\u00e1rios devem revisar periodicamente esta pol\u00edtica de privacidade para se manterem informados sobre as pr\u00e1ticas da AMAMSUL.<\/p>\n\n\n\n<ol class=\"wp-block-list\" start=\"7\">\n<li>Contato<\/li>\n<\/ol>\n\n\n\n<p>Se voc\u00ea tiver alguma d\u00favida ou preocupa\u00e7\u00e3o sobre esta pol\u00edtica de privacidade ou sobre as pr\u00e1ticas de privacidade da AMAMSUL, entre em contato conosco atrav\u00e9s do e-mail amamsul@amamsul.com.br.<\/p>\n\t\t\t\t\t\t\t\t<\/div>\n\t\t\t\t<\/div>\n\t\t\t\t\t<\/div>\n\t\t<\/div>\n\t\t\t\t\t<\/div>\n\t\t<\/section>\n\t\t\t\t<\/div>\n\t\t","protected":false},"excerpt":{"rendered":"<p>Pol\u00edtica de Privacidade da AMAMSUL A AMAMSUL, valoriza a privacidade dos seus usu\u00e1rios e est\u00e1 comprometida em proteger as informa\u00e7\u00f5es pessoais coletadas por meio de seu website. Nesta pol\u00edtica de privacidade, explicamos quais informa\u00e7\u00f5es coletamos, como as utilizamos e as protegemos. Podemos coletar informa\u00e7\u00f5es pessoais identific\u00e1veis, tais como nome, endere\u00e7o de e-mail, telefone e endere\u00e7o [&hellip;]<\/p>\n","protected":false},"author":1,"featured_media":0,"parent":0,"menu_order":0,"comment_status":"closed","ping_status":"open","template":"","meta":{"footnotes":""},"class_list":["post-3","page","type-page","status-publish","hentry"],"yoast_head":"<!-- This site is optimized with the Yoast SEO Premium plugin v22.6 (Yoast SEO v26.9) - https:\/\/yoast.com\/product\/yoast-seo-premium-wordpress\/ -->\n<title>Pol\u00edtica de privacidade - AMAMSUL<\/title>\n<meta name=\"robots\" content=\"noindex, follow, max-snippet:-1, max-image-preview:large, max-video-preview:-1\" \/>\n<meta property=\"og:locale\" content=\"pt_BR\" \/>\n<meta property=\"og:type\" content=\"article\" \/>\n<meta property=\"og:title\" content=\"Pol\u00edtica de privacidade\" \/>\n<meta property=\"og:description\" content=\"Pol\u00edtica de Privacidade da AMAMSUL A AMAMSUL, valoriza a privacidade dos seus usu\u00e1rios e est\u00e1 comprometida em proteger as informa\u00e7\u00f5es pessoais coletadas por meio de seu website. Nesta pol\u00edtica de privacidade, explicamos quais informa\u00e7\u00f5es coletamos, como as utilizamos e as protegemos. Podemos coletar informa\u00e7\u00f5es pessoais identific\u00e1veis, tais como nome, endere\u00e7o de e-mail, telefone e endere\u00e7o [&hellip;]\" \/>\n<meta property=\"og:url\" content=\"https:\/\/amamsul.meutecnicoremoto.com.br\/index.php\/politica-de-privacidade\/\" \/>\n<meta property=\"og:site_name\" content=\"AMAMSUL\" \/>\n<meta property=\"article:modified_time\" content=\"2023-04-20T15:01:31+00:00\" \/>\n<meta name=\"twitter:card\" content=\"summary_large_image\" \/>\n<meta name=\"twitter:label1\" content=\"Est. tempo de leitura\" \/>\n\t<meta name=\"twitter:data1\" content=\"2 minutos\" \/>\n<script type=\"application\/ld+json\" class=\"yoast-schema-graph\">{\"@context\":\"https:\/\/schema.org\",\"@graph\":[{\"@type\":\"WebPage\",\"@id\":\"https:\/\/amamsul.meutecnicoremoto.com.br\/index.php\/politica-de-privacidade\/\",\"url\":\"https:\/\/amamsul.meutecnicoremoto.com.br\/index.php\/politica-de-privacidade\/\",\"name\":\"Pol\u00edtica de privacidade - AMAMSUL\",\"isPartOf\":{\"@id\":\"https:\/\/amamsul.meutecnicoremoto.com.br\/#website\"},\"datePublished\":\"2023-04-18T14:36:54+00:00\",\"dateModified\":\"2023-04-20T15:01:31+00:00\",\"breadcrumb\":{\"@id\":\"https:\/\/amamsul.meutecnicoremoto.com.br\/index.php\/politica-de-privacidade\/#breadcrumb\"},\"inLanguage\":\"pt-BR\",\"potentialAction\":[{\"@type\":\"ReadAction\",\"target\":[\"https:\/\/amamsul.meutecnicoremoto.com.br\/index.php\/politica-de-privacidade\/\"]}]},{\"@type\":\"BreadcrumbList\",\"@id\":\"https:\/\/amamsul.meutecnicoremoto.com.br\/index.php\/politica-de-privacidade\/#breadcrumb\",\"itemListElement\":[{\"@type\":\"ListItem\",\"position\":1,\"name\":\"In\u00edcio\",\"item\":\"https:\/\/amamsul.meutecnicoremoto.com.br\/\"},{\"@type\":\"ListItem\",\"position\":2,\"name\":\"Pol\u00edtica de privacidade\"}]},{\"@type\":\"WebSite\",\"@id\":\"https:\/\/amamsul.meutecnicoremoto.com.br\/#website\",\"url\":\"https:\/\/amamsul.meutecnicoremoto.com.br\/\",\"name\":\"AMAMSUL\",\"description\":\"Associa\u00e7\u00e3o dos Magistrados de Mato Grosso do Sul\",\"potentialAction\":[{\"@type\":\"SearchAction\",\"target\":{\"@type\":\"EntryPoint\",\"urlTemplate\":\"https:\/\/amamsul.meutecnicoremoto.com.br\/?s={search_term_string}\"},\"query-input\":{\"@type\":\"PropertyValueSpecification\",\"valueRequired\":true,\"valueName\":\"search_term_string\"}}],\"inLanguage\":\"pt-BR\"}]}<\/script>\n<!-- \/ Yoast SEO Premium plugin. -->","yoast_head_json":{"title":"Pol\u00edtica de privacidade - AMAMSUL","robots":{"index":"noindex","follow":"follow","max-snippet":"max-snippet:-1","max-image-preview":"max-image-preview:large","max-video-preview":"max-video-preview:-1"},"og_locale":"pt_BR","og_type":"article","og_title":"Pol\u00edtica de privacidade","og_description":"Pol\u00edtica de Privacidade da AMAMSUL A AMAMSUL, valoriza a privacidade dos seus usu\u00e1rios e est\u00e1 comprometida em proteger as informa\u00e7\u00f5es pessoais coletadas por meio de seu website. Nesta pol\u00edtica de privacidade, explicamos quais informa\u00e7\u00f5es coletamos, como as utilizamos e as protegemos. Podemos coletar informa\u00e7\u00f5es pessoais identific\u00e1veis, tais como nome, endere\u00e7o de e-mail, telefone e endere\u00e7o [&hellip;]","og_url":"https:\/\/amamsul.meutecnicoremoto.com.br\/index.php\/politica-de-privacidade\/","og_site_name":"AMAMSUL","article_modified_time":"2023-04-20T15:01:31+00:00","twitter_card":"summary_large_image","twitter_misc":{"Est. tempo de leitura":"2 minutos"},"schema":{"@context":"https:\/\/schema.org","@graph":[{"@type":"WebPage","@id":"https:\/\/amamsul.meutecnicoremoto.com.br\/index.php\/politica-de-privacidade\/","url":"https:\/\/amamsul.meutecnicoremoto.com.br\/index.php\/politica-de-privacidade\/","name":"Pol\u00edtica de privacidade - AMAMSUL","isPartOf":{"@id":"https:\/\/amamsul.meutecnicoremoto.com.br\/#website"},"datePublished":"2023-04-18T14:36:54+00:00","dateModified":"2023-04-20T15:01:31+00:00","breadcrumb":{"@id":"https:\/\/amamsul.meutecnicoremoto.com.br\/index.php\/politica-de-privacidade\/#breadcrumb"},"inLanguage":"pt-BR","potentialAction":[{"@type":"ReadAction","target":["https:\/\/amamsul.meutecnicoremoto.com.br\/index.php\/politica-de-privacidade\/"]}]},{"@type":"BreadcrumbList","@id":"https:\/\/amamsul.meutecnicoremoto.com.br\/index.php\/politica-de-privacidade\/#breadcrumb","itemListElement":[{"@type":"ListItem","position":1,"name":"In\u00edcio","item":"https:\/\/amamsul.meutecnicoremoto.com.br\/"},{"@type":"ListItem","position":2,"name":"Pol\u00edtica de privacidade"}]},{"@type":"WebSite","@id":"https:\/\/amamsul.meutecnicoremoto.com.br\/#website","url":"https:\/\/amamsul.meutecnicoremoto.com.br\/","name":"AMAMSUL","description":"Associa\u00e7\u00e3o dos Magistrados de Mato Grosso do Sul","potentialAction":[{"@type":"SearchAction","target":{"@type":"EntryPoint","urlTemplate":"https:\/\/amamsul.meutecnicoremoto.com.br\/?s={search_term_string}"},"query-input":{"@type":"PropertyValueSpecification","valueRequired":true,"valueName":"search_term_string"}}],"inLanguage":"pt-BR"}]}},"_links":{"self":[{"href":"https:\/\/amamsul.meutecnicoremoto.com.br\/index.php\/wp-json\/wp\/v2\/pages\/3","targetHints":{"allow":["GET"]}}],"collection":[{"href":"https:\/\/amamsul.meutecnicoremoto.com.br\/index.php\/wp-json\/wp\/v2\/pages"}],"about":[{"href":"https:\/\/amamsul.meutecnicoremoto.com.br\/index.php\/wp-json\/wp\/v2\/types\/page"}],"author":[{"embeddable":true,"href":"https:\/\/amamsul.meutecnicoremoto.com.br\/index.php\/wp-json\/wp\/v2\/users\/1"}],"replies":[{"embeddable":true,"href":"https:\/\/amamsul.meutecnicoremoto.com.br\/index.php\/wp-json\/wp\/v2\/comments?post=3"}],"version-history":[{"count":4,"href":"https:\/\/amamsul.meutecnicoremoto.com.br\/index.php\/wp-json\/wp\/v2\/pages\/3\/revisions"}],"predecessor-version":[{"id":240,"href":"https:\/\/amamsul.meutecnicoremoto.com.br\/index.php\/wp-json\/wp\/v2\/pages\/3\/revisions\/240"}],"wp:attachment":[{"href":"https:\/\/amamsul.meutecnicoremoto.com.br\/index.php\/wp-json\/wp\/v2\/media?parent=3"}],"curies":[{"name":"wp","href":"https:\/\/api.w.org\/{rel}","templated":true}]}}